{"id":2803,"date":"2021-11-18T07:13:09","date_gmt":"2021-11-18T06:13:09","guid":{"rendered":"https:\/\/www.campingvallespir.com\/camping-bord-de-riviere-arles-sur-tech\/"},"modified":"2022-01-17T14:04:16","modified_gmt":"2022-01-17T13:04:16","slug":"kampeerterrein-riverside-arles-sur-tech","status":"publish","type":"page","link":"https:\/\/www.campingvallespir.com\/nl\/kampeerterrein-riverside-arles-sur-tech\/","title":{"rendered":"Rivi\u00e8re"},"content":{"rendered":"\n<h1 class=\"ls__heading has-text-align-center m-t-10 m-b-0 ursula has-color-1-color has-text-color has-large-font-size wp-block-heading\">Camping aan de rivier in Arles-sur-Tech<\/h1>\n\n\n<section id=\"ls-section-block_619cbba3c02a5\" class=\"ls-section \" >\n        <div class=\"container container--wide\">\n        \n\n<div class=\"wp-block-columns are-vertically-aligned-center is-layout-flex wp-container-core-columns-is-layout-2 wp-block-columns-is-layout-flex\">\n<div class=\"wp-block-column is-vertically-aligned-center is-layout-flow wp-block-column-is-layout-flow\">\n<div class=\"wp-block-columns fancybox is-layout-flex wp-container-core-columns-is-layout-1 wp-block-columns-is-layout-flex\">\n<div class=\"wp-block-column is-layout-flow wp-block-column-is-layout-flow\">\n<figure class=\"wp-block-image size-large\"><a href=\"https:\/\/www.campingvallespir.com\/wp-content\/uploads\/2021\/12\/camping-bord-de-riviere-pyrenees-orientales-1024x683.jpg\"><img decoding=\"async\" width=\"1024\" height=\"683\" src=\"https:\/\/www.campingvallespir.com\/wp-content\/uploads\/2021\/12\/camping-bord-de-riviere-pyrenees-orientales-1024x683.jpg\" alt=\"camping bord de riviere pyrenees orientales\" class=\"wp-image-2056\" srcset=\"https:\/\/www.campingvallespir.com\/wp-content\/uploads\/2021\/12\/camping-bord-de-riviere-pyrenees-orientales-1024x683.jpg 1024w, https:\/\/www.campingvallespir.com\/wp-content\/uploads\/2021\/12\/camping-bord-de-riviere-pyrenees-orientales-300x200.jpg 300w, https:\/\/www.campingvallespir.com\/wp-content\/uploads\/2021\/12\/camping-bord-de-riviere-pyrenees-orientales-768x512.jpg 768w, https:\/\/www.campingvallespir.com\/wp-content\/uploads\/2021\/12\/camping-bord-de-riviere-pyrenees-orientales.jpg 1200w\" sizes=\"(max-width: 1024px) 100vw, 1024px\" \/><\/a><\/figure>\n\n\n\n<figure class=\"wp-block-image size-large\"><a href=\"https:\/\/www.campingvallespir.com\/wp-content\/uploads\/2021\/12\/camping-baignade-riviere-arles-sur-tech-1024x683.jpg\"><img decoding=\"async\" width=\"1024\" height=\"683\" src=\"https:\/\/www.campingvallespir.com\/wp-content\/uploads\/2021\/12\/camping-baignade-riviere-arles-sur-tech-1024x683.jpg\" alt=\"camping baignade riviere arles sur tech\" class=\"wp-image-2059\" srcset=\"https:\/\/www.campingvallespir.com\/wp-content\/uploads\/2021\/12\/camping-baignade-riviere-arles-sur-tech-1024x683.jpg 1024w, https:\/\/www.campingvallespir.com\/wp-content\/uploads\/2021\/12\/camping-baignade-riviere-arles-sur-tech-300x200.jpg 300w, https:\/\/www.campingvallespir.com\/wp-content\/uploads\/2021\/12\/camping-baignade-riviere-arles-sur-tech-768x512.jpg 768w, https:\/\/www.campingvallespir.com\/wp-content\/uploads\/2021\/12\/camping-baignade-riviere-arles-sur-tech.jpg 1200w\" sizes=\"(max-width: 1024px) 100vw, 1024px\" \/><\/a><\/figure>\n<\/div>\n\n\n\n<div class=\"wp-block-column is-layout-flow wp-block-column-is-layout-flow\">\n<figure class=\"wp-block-image size-large\"><a href=\"https:\/\/www.campingvallespir.com\/wp-content\/uploads\/2021\/12\/camping-bord-de-riviere-arles-sur-tech-683x1024.jpg\"><img decoding=\"async\" width=\"683\" height=\"1024\" src=\"https:\/\/www.campingvallespir.com\/wp-content\/uploads\/2021\/12\/camping-bord-de-riviere-arles-sur-tech-683x1024.jpg\" alt=\"camping bord de riviere arles sur tech\" class=\"wp-image-2062\" srcset=\"https:\/\/www.campingvallespir.com\/wp-content\/uploads\/2021\/12\/camping-bord-de-riviere-arles-sur-tech-683x1024.jpg 683w, https:\/\/www.campingvallespir.com\/wp-content\/uploads\/2021\/12\/camping-bord-de-riviere-arles-sur-tech-200x300.jpg 200w, https:\/\/www.campingvallespir.com\/wp-content\/uploads\/2021\/12\/camping-bord-de-riviere-arles-sur-tech-768x1152.jpg 768w, https:\/\/www.campingvallespir.com\/wp-content\/uploads\/2021\/12\/camping-bord-de-riviere-arles-sur-tech.jpg 800w\" sizes=\"(max-width: 683px) 100vw, 683px\" \/><\/a><\/figure>\n<\/div>\n<\/div>\n<\/div>\n\n\n\n<div class=\"wp-block-column is-vertically-aligned-center is-layout-flow wp-block-column-is-layout-flow\" style=\"flex-basis:40%\">\n<h2 class=\"ls__heading has-color-1-color has-text-color wp-block-heading\">Rivier zwemmen in de Pyr\u00e9n\u00e9es-Orientales<\/h2>\n\n\n\n<p class=\"ls-paragraph\">De camping met zwembad is ideaal gelegen aan de rivier. Het is niet altijd gemakkelijk om bij een rivier te komen om af te koelen en je te vermaken, maar de rivier Le Tech is binnen handbereik van camping Le Vallespir. Wil je gaan zwemmen met je familie? Dit is de perfecte plek! U kunt ook zonnebaden en genieten van een zonnebank sessie.<\/p>\n<\/div>\n<\/div>\n\n\n    <\/div>\n<\/section>\n\n<section id=\"ls-section-block_619cbcc6c02a6\" class=\"ls-section  section-depassement has-background has-color-4-background-color\" >\n        <div class=\"container container--wide\">\n        \n\n<div class=\"wp-block-columns are-vertically-aligned-center is-layout-flex wp-container-core-columns-is-layout-4 wp-block-columns-is-layout-flex\" id=\"peche\">\n<div class=\"wp-block-column is-vertically-aligned-center is-layout-flow wp-block-column-is-layout-flow\" style=\"flex-basis:40%\">\n<h2 class=\"ls__heading has-color-2-color has-text-color wp-block-heading\">Vissen in de rivier in Arles-sur-Tech<\/h2>\n\n\n\n<p class=\"ls-paragraph\">Liefhebbers van de hengelsport kunnen hun hart ophalen, want het gebied is ideaal om alleen, met het gezin of met vrienden te vissen! De camping is gemakkelijk te bereiken en is de perfecte plaats om uw uitrusting te gebruiken en van de omringende natuur te genieten.<\/p>\n\n\n\n<p class=\"ls-paragraph\">Een visvergunning is vereist, maar het gebied is vrij van enige aanvullende regelgeving om van deze uitzonderlijke omgeving te genieten. Met een beetje handigheid en geduld kunt u een gele paling, een zuidelijke barbeel, een riviergrondel, een minnow of zelfs een fario forel vangen!<\/p>\n<\/div>\n\n\n\n<div class=\"wp-block-column is-vertically-aligned-center fancybox is-layout-flow wp-block-column-is-layout-flow\" style=\"flex-basis:60%\">\n<div class=\"wp-block-columns is-layout-flex wp-container-core-columns-is-layout-3 wp-block-columns-is-layout-flex\">\n<div class=\"wp-block-column is-layout-flow wp-block-column-is-layout-flow\">\n<figure class=\"wp-block-image size-large\"><a href=\"https:\/\/www.campingvallespir.com\/wp-content\/uploads\/2021\/12\/camping-peche-riviere-pyrenees-orientales-683x1024.jpg\"><img decoding=\"async\" width=\"683\" height=\"1024\" src=\"https:\/\/www.campingvallespir.com\/wp-content\/uploads\/2021\/12\/camping-peche-riviere-pyrenees-orientales-683x1024.jpg\" alt=\"camping peche riviere pyrenees orientales\" class=\"wp-image-2068\" srcset=\"https:\/\/www.campingvallespir.com\/wp-content\/uploads\/2021\/12\/camping-peche-riviere-pyrenees-orientales-683x1024.jpg 683w, https:\/\/www.campingvallespir.com\/wp-content\/uploads\/2021\/12\/camping-peche-riviere-pyrenees-orientales-200x300.jpg 200w, https:\/\/www.campingvallespir.com\/wp-content\/uploads\/2021\/12\/camping-peche-riviere-pyrenees-orientales-768x1152.jpg 768w, https:\/\/www.campingvallespir.com\/wp-content\/uploads\/2021\/12\/camping-peche-riviere-pyrenees-orientales.jpg 800w\" sizes=\"(max-width: 683px) 100vw, 683px\" \/><\/a><\/figure>\n<\/div>\n\n\n\n<div class=\"wp-block-column is-layout-flow wp-block-column-is-layout-flow\">\n<figure class=\"wp-block-image size-large\"><a href=\"https:\/\/www.campingvallespir.com\/wp-content\/uploads\/2021\/12\/camping-peche-en-riviere-catalogne-683x1024.jpg\"><img decoding=\"async\" width=\"683\" height=\"1024\" src=\"https:\/\/www.campingvallespir.com\/wp-content\/uploads\/2021\/12\/camping-peche-en-riviere-catalogne-683x1024.jpg\" alt=\"camping peche en riviere catalogne\" class=\"wp-image-2071\" srcset=\"https:\/\/www.campingvallespir.com\/wp-content\/uploads\/2021\/12\/camping-peche-en-riviere-catalogne-683x1024.jpg 683w, https:\/\/www.campingvallespir.com\/wp-content\/uploads\/2021\/12\/camping-peche-en-riviere-catalogne-200x300.jpg 200w, https:\/\/www.campingvallespir.com\/wp-content\/uploads\/2021\/12\/camping-peche-en-riviere-catalogne-768x1151.jpg 768w, https:\/\/www.campingvallespir.com\/wp-content\/uploads\/2021\/12\/camping-peche-en-riviere-catalogne.jpg 800w\" sizes=\"(max-width: 683px) 100vw, 683px\" \/><\/a><\/figure>\n<\/div>\n<\/div>\n\n\n\n<figure class=\"wp-block-image size-large\"><a href=\"https:\/\/www.campingvallespir.com\/wp-content\/uploads\/2021\/12\/camping-peche-riviere-arles-sur-tech-1024x377.jpg\"><img decoding=\"async\" width=\"1024\" height=\"377\" src=\"https:\/\/www.campingvallespir.com\/wp-content\/uploads\/2021\/12\/camping-peche-riviere-arles-sur-tech-1024x377.jpg\" alt=\"camping peche riviere arles sur tech\" class=\"wp-image-2065\" srcset=\"https:\/\/www.campingvallespir.com\/wp-content\/uploads\/2021\/12\/camping-peche-riviere-arles-sur-tech-1024x377.jpg 1024w, https:\/\/www.campingvallespir.com\/wp-content\/uploads\/2021\/12\/camping-peche-riviere-arles-sur-tech-300x111.jpg 300w, https:\/\/www.campingvallespir.com\/wp-content\/uploads\/2021\/12\/camping-peche-riviere-arles-sur-tech-768x283.jpg 768w, https:\/\/www.campingvallespir.com\/wp-content\/uploads\/2021\/12\/camping-peche-riviere-arles-sur-tech.jpg 1200w\" sizes=\"(max-width: 1024px) 100vw, 1024px\" \/><\/a><\/figure>\n<\/div>\n<\/div>\n\n\n    <\/div>\n<\/section>\n\n<section id=\"voie-verte\" class=\"ls-section \" >\n        <div class=\"container container--wide\">\n        \n\n<div class=\"wp-block-columns are-vertically-aligned-center is-layout-flex wp-container-core-columns-is-layout-6 wp-block-columns-is-layout-flex\">\n<div class=\"wp-block-column is-vertically-aligned-center fancybox is-layout-flow wp-block-column-is-layout-flow\" style=\"flex-basis:60%\">\n<div class=\"wp-block-columns fancybox is-layout-flex wp-container-core-columns-is-layout-5 wp-block-columns-is-layout-flex\">\n<div class=\"wp-block-column is-layout-flow wp-block-column-is-layout-flow\">\n<figure class=\"wp-block-image size-large\"><a href=\"https:\/\/www.campingvallespir.com\/wp-content\/uploads\/2021\/12\/camping-voie-verte-arles-sur-tech-1024x683.jpg\"><img decoding=\"async\" width=\"1024\" height=\"683\" src=\"https:\/\/www.campingvallespir.com\/wp-content\/uploads\/2021\/12\/camping-voie-verte-arles-sur-tech-1024x683.jpg\" alt=\"camping voie verte arles sur tech\" class=\"wp-image-2074\" srcset=\"https:\/\/www.campingvallespir.com\/wp-content\/uploads\/2021\/12\/camping-voie-verte-arles-sur-tech-1024x683.jpg 1024w, https:\/\/www.campingvallespir.com\/wp-content\/uploads\/2021\/12\/camping-voie-verte-arles-sur-tech-300x200.jpg 300w, https:\/\/www.campingvallespir.com\/wp-content\/uploads\/2021\/12\/camping-voie-verte-arles-sur-tech-768x512.jpg 768w, https:\/\/www.campingvallespir.com\/wp-content\/uploads\/2021\/12\/camping-voie-verte-arles-sur-tech.jpg 1200w\" sizes=\"(max-width: 1024px) 100vw, 1024px\" \/><\/a><\/figure>\n\n\n\n<figure class=\"wp-block-image size-large\"><a href=\"https:\/\/www.campingvallespir.com\/wp-content\/uploads\/2021\/12\/camping-voie-verte-catalogne-1024x684.jpg\"><img decoding=\"async\" width=\"1024\" height=\"684\" src=\"https:\/\/www.campingvallespir.com\/wp-content\/uploads\/2021\/12\/camping-voie-verte-catalogne-1024x684.jpg\" alt=\"camping voie verte catalogne\" class=\"wp-image-2077\" srcset=\"https:\/\/www.campingvallespir.com\/wp-content\/uploads\/2021\/12\/camping-voie-verte-catalogne-1024x684.jpg 1024w, https:\/\/www.campingvallespir.com\/wp-content\/uploads\/2021\/12\/camping-voie-verte-catalogne-300x200.jpg 300w, https:\/\/www.campingvallespir.com\/wp-content\/uploads\/2021\/12\/camping-voie-verte-catalogne-768x513.jpg 768w, https:\/\/www.campingvallespir.com\/wp-content\/uploads\/2021\/12\/camping-voie-verte-catalogne.jpg 1200w\" sizes=\"(max-width: 1024px) 100vw, 1024px\" \/><\/a><\/figure>\n<\/div>\n\n\n\n<div class=\"wp-block-column is-layout-flow wp-block-column-is-layout-flow\">\n<figure class=\"wp-block-image size-large\"><a href=\"https:\/\/www.campingvallespir.com\/wp-content\/uploads\/2021\/12\/camping-voie-verte-pyrenees-orientales-683x1024.jpg\"><img decoding=\"async\" width=\"683\" height=\"1024\" src=\"https:\/\/www.campingvallespir.com\/wp-content\/uploads\/2021\/12\/camping-voie-verte-pyrenees-orientales-683x1024.jpg\" alt=\"camping voie verte pyrenees orientales\" class=\"wp-image-2080\" srcset=\"https:\/\/www.campingvallespir.com\/wp-content\/uploads\/2021\/12\/camping-voie-verte-pyrenees-orientales-683x1024.jpg 683w, https:\/\/www.campingvallespir.com\/wp-content\/uploads\/2021\/12\/camping-voie-verte-pyrenees-orientales-200x300.jpg 200w, https:\/\/www.campingvallespir.com\/wp-content\/uploads\/2021\/12\/camping-voie-verte-pyrenees-orientales-768x1152.jpg 768w, https:\/\/www.campingvallespir.com\/wp-content\/uploads\/2021\/12\/camping-voie-verte-pyrenees-orientales.jpg 800w\" sizes=\"(max-width: 683px) 100vw, 683px\" \/><\/a><\/figure>\n<\/div>\n<\/div>\n<\/div>\n\n\n\n<div class=\"wp-block-column is-vertically-aligned-center is-layout-flow wp-block-column-is-layout-flow\" style=\"flex-basis:40%\">\n<h2 class=\"ls__heading has-color-1-color has-text-color wp-block-heading\">Camping aan de Greenway in de Pyr\u00e9n\u00e9es-Orientales<\/h2>\n\n\n\n<p class=\"ls-paragraph\">Op minder dan 500 meter van camping Le Vallespir kunt u de groene route &#8216;en Pays Pyr\u00e9n\u00e9es-M\u00e9diterran\u00e9e&#8217; nemen naar Argel\u00e8s-sur-Mer. Deze groene weg is gemakkelijk te bewandelen of te fietsen voor het hele gezin. U kunt fietsen huren bij het toeristenbureau in Am\u00e9lie-les-Bains.<\/p>\n\n\n\n<p class=\"ls-paragraph\">Ga bijvoorbeeld naar het thermale kuuroord van Am\u00e9lie-les-Bains of het dorp C\u00e9ret met zijn Pont du Diable. C\u00e9ret is beroemd om zijn kersen: geniet elke zaterdag van de markt! Deze fietsroute is een van de mooiste van het departement Pyr\u00e9n\u00e9es-Orientales.<\/p>\n<\/div>\n<\/div>\n\n\n    <\/div>\n<\/section>\n\n<section id=\"ls-section-block_61b32d43dcdcb\" class=\"ls-section \" >\n        <div class=\"container container--wide\">\n        \n\n<div id=\"ls-heading ls-titre-div-block_61b32d57dcdcc\" class=\"ls-titre-div ls__heading has-color-1-color has-text-color aligncenter h2-like\" >\n    Ontdek de andere diensten van de camping<\/div>\n\n\n\n<div class=\"wp-block-columns is-layout-flex wp-container-core-columns-is-layout-7 wp-block-columns-is-layout-flex\">\n<div class=\"wp-block-column ls-cta is-layout-flow wp-block-column-is-layout-flow\"><div id=\"ls-maillage-block_61b32d91dcdcd\" class=\"ls-maillage cta-style-normal\" data-rows=\"3\">\r\n    <div class=\"wp-block-columns\"><div class=\"wp-block-column\">\r\n<a href=\"https:\/\/www.campingvallespir.com\/nl\/camping-animatie-arles-sur-tech\/\" target=\"\" rel=\"noopener\" class=\"ls-cta__link\">\r\n\r\n\t<div class=\"ls-cta__image\"><img decoding=\"async\" src=\"https:\/\/www.campingvallespir.com\/wp-content\/uploads\/2021\/12\/camping-animations-arles-sur-tech-768x512.jpg\" alt=\"camping-animations-arles-sur-tech\"><\/div>\r\n\t<div class=\"ls-cta__title\">\r\n\t\tAnimaties\t<\/div>\r\n\r\n\t\t\r\n<\/a><\/div><\/div><\/div><\/div>\n\n\n\n<div class=\"wp-block-column ls-cta is-layout-flow wp-block-column-is-layout-flow\"><div id=\"ls-maillage-block_61b32d96dcdce\" class=\"ls-maillage cta-style-normal\" data-rows=\"3\">\r\n    <div class=\"wp-block-columns\"><div class=\"wp-block-column\">\r\n<a href=\"https:\/\/www.campingvallespir.com\/nl\/kamperen-curist-arles-sur-tech\/\" target=\"\" rel=\"noopener\" class=\"ls-cta__link\">\r\n\r\n\t<div class=\"ls-cta__image\"><img decoding=\"async\" src=\"https:\/\/www.campingvallespir.com\/wp-content\/uploads\/2021\/12\/camping-offre-speciale-curiste-thermes-amelie-les-bains-768x432.jpg\" alt=\"camping-offre-speciale-curiste-thermes-amelie-les-bains\"><\/div>\r\n\t<div class=\"ls-cta__title\">\r\n\t\tSpa\t<\/div>\r\n\r\n\t\t\r\n<\/a><\/div><\/div><\/div><\/div>\n\n\n\n<div class=\"wp-block-column ls-cta is-layout-flow wp-block-column-is-layout-flow\"><div id=\"ls-maillage-block_61b32d9cdcdcf\" class=\"ls-maillage cta-style-normal\" data-rows=\"3\">\r\n    <div class=\"wp-block-columns\"><div class=\"wp-block-column\">\r\n<a href=\"https:\/\/www.campingvallespir.com\/nl\/camping-verwarmd-zwembad-arles-sur-tech\/\" target=\"\" rel=\"noopener\" class=\"ls-cta__link\">\r\n\r\n\t<div class=\"ls-cta__image\"><img decoding=\"async\" src=\"https:\/\/www.campingvallespir.com\/wp-content\/uploads\/2021\/11\/camping-vallespir-header-img-768x454.jpg\" alt=\"camping-vallespir-header-img\"><\/div>\r\n\t<div class=\"ls-cta__title\">\r\n\t\tZwembad\t<\/div>\r\n\r\n\t\t\r\n<\/a><\/div><\/div><\/div><\/div>\n<\/div>\n\n\n    <\/div>\n<\/section>","protected":false},"excerpt":{"rendered":"<p>Camping aan de rivier in Arles-sur-Tech<\/p>\n","protected":false},"author":1,"featured_media":2083,"parent":0,"menu_order":0,"comment_status":"closed","ping_status":"closed","template":"","meta":{"_acf_changed":false,"footnotes":""},"sujet":[],"class_list":["post-2803","page","type-page","status-publish","has-post-thumbnail","hentry"],"acf":[],"yoast_head":"<!-- This site is optimized with the Yoast SEO plugin v23.4 - https:\/\/yoast.com\/wordpress\/plugins\/seo\/ -->\n<title>Camping aan de rivier Arles-sur-Tech | Vissen Pyr\u00e9n\u00e9es-Orientales<\/title>\n<meta name=\"robots\" content=\"index, follow, max-snippet:-1, max-image-preview:large, max-video-preview:-1\" \/>\n<link rel=\"canonical\" href=\"https:\/\/www.campingvallespir.com\/nl\/kampeerterrein-riverside-arles-sur-tech\/\" \/>\n<meta property=\"og:locale\" content=\"nl_NL\" \/>\n<meta property=\"og:type\" content=\"article\" \/>\n<meta property=\"og:title\" content=\"Camping aan de rivier Arles-sur-Tech | Vissen Pyr\u00e9n\u00e9es-Orientales\" \/>\n<meta property=\"og:description\" content=\"Camping aan de rivier in Arles-sur-Tech\" \/>\n<meta property=\"og:url\" content=\"https:\/\/www.campingvallespir.com\/nl\/kampeerterrein-riverside-arles-sur-tech\/\" \/>\n<meta property=\"og:site_name\" content=\"Camping Vallespir\" \/>\n<meta property=\"article:modified_time\" content=\"2022-01-17T13:04:16+00:00\" \/>\n<meta property=\"og:image\" content=\"https:\/\/www.campingvallespir.com\/wp-content\/uploads\/2021\/12\/camping-riviere-pyrenees-orientales.jpg\" \/>\n\t<meta property=\"og:image:width\" content=\"1900\" \/>\n\t<meta property=\"og:image:height\" content=\"700\" \/>\n\t<meta property=\"og:image:type\" content=\"image\/jpeg\" \/>\n<meta name=\"twitter:card\" content=\"summary_large_image\" \/>\n<meta name=\"twitter:label1\" content=\"Geschatte leestijd\" \/>\n\t<meta name=\"twitter:data1\" content=\"4 minuten\" \/>\n<script type=\"application\/ld+json\" class=\"yoast-schema-graph\">{\"@context\":\"https:\/\/schema.org\",\"@graph\":[{\"@type\":\"WebPage\",\"@id\":\"https:\/\/www.campingvallespir.com\/nl\/kampeerterrein-riverside-arles-sur-tech\/\",\"url\":\"https:\/\/www.campingvallespir.com\/nl\/kampeerterrein-riverside-arles-sur-tech\/\",\"name\":\"Camping aan de rivier Arles-sur-Tech | Vissen Pyr\u00e9n\u00e9es-Orientales\",\"isPartOf\":{\"@id\":\"https:\/\/www.campingvallespir.com\/nl\/#website\"},\"primaryImageOfPage\":{\"@id\":\"https:\/\/www.campingvallespir.com\/nl\/kampeerterrein-riverside-arles-sur-tech\/#primaryimage\"},\"image\":{\"@id\":\"https:\/\/www.campingvallespir.com\/nl\/kampeerterrein-riverside-arles-sur-tech\/#primaryimage\"},\"thumbnailUrl\":\"https:\/\/www.campingvallespir.com\/wp-content\/uploads\/2021\/12\/camping-riviere-pyrenees-orientales.jpg\",\"datePublished\":\"2021-11-18T06:13:09+00:00\",\"dateModified\":\"2022-01-17T13:04:16+00:00\",\"breadcrumb\":{\"@id\":\"https:\/\/www.campingvallespir.com\/nl\/kampeerterrein-riverside-arles-sur-tech\/#breadcrumb\"},\"inLanguage\":\"nl-NL\",\"potentialAction\":[{\"@type\":\"ReadAction\",\"target\":[\"https:\/\/www.campingvallespir.com\/nl\/kampeerterrein-riverside-arles-sur-tech\/\"]}]},{\"@type\":\"ImageObject\",\"inLanguage\":\"nl-NL\",\"@id\":\"https:\/\/www.campingvallespir.com\/nl\/kampeerterrein-riverside-arles-sur-tech\/#primaryimage\",\"url\":\"https:\/\/www.campingvallespir.com\/wp-content\/uploads\/2021\/12\/camping-riviere-pyrenees-orientales.jpg\",\"contentUrl\":\"https:\/\/www.campingvallespir.com\/wp-content\/uploads\/2021\/12\/camping-riviere-pyrenees-orientales.jpg\",\"width\":1900,\"height\":700,\"caption\":\"camping-riviere-pyrenees-orientales\"},{\"@type\":\"BreadcrumbList\",\"@id\":\"https:\/\/www.campingvallespir.com\/nl\/kampeerterrein-riverside-arles-sur-tech\/#breadcrumb\",\"itemListElement\":[{\"@type\":\"ListItem\",\"position\":1,\"name\":\"Camping Am\u00e9lie les Bains\",\"item\":\"https:\/\/www.campingvallespir.com\/nl\/\"},{\"@type\":\"ListItem\",\"position\":2,\"name\":\"Vissen in de Pyr\u00e9n\u00e9es-Orientales\"}]},{\"@type\":\"WebSite\",\"@id\":\"https:\/\/www.campingvallespir.com\/nl\/#website\",\"url\":\"https:\/\/www.campingvallespir.com\/nl\/\",\"name\":\"Camping Vallespir\",\"description\":\"\",\"publisher\":{\"@id\":\"https:\/\/www.campingvallespir.com\/nl\/#organization\"},\"potentialAction\":[{\"@type\":\"SearchAction\",\"target\":{\"@type\":\"EntryPoint\",\"urlTemplate\":\"https:\/\/www.campingvallespir.com\/nl\/?s={search_term_string}\"},\"query-input\":{\"@type\":\"PropertyValueSpecification\",\"valueRequired\":true,\"valueName\":\"search_term_string\"}}],\"inLanguage\":\"nl-NL\"},{\"@type\":\"Organization\",\"@id\":\"https:\/\/www.campingvallespir.com\/nl\/#organization\",\"name\":\"Camping Vallespir\",\"url\":\"https:\/\/www.campingvallespir.com\/nl\/\",\"logo\":{\"@type\":\"ImageObject\",\"inLanguage\":\"nl-NL\",\"@id\":\"https:\/\/www.campingvallespir.com\/nl\/#\/schema\/logo\/image\/\",\"url\":\"https:\/\/www.campingvallespir.com\/wp-content\/uploads\/2021\/11\/camping-vallespir-logo.png\",\"contentUrl\":\"https:\/\/www.campingvallespir.com\/wp-content\/uploads\/2021\/11\/camping-vallespir-logo.png\",\"width\":680,\"height\":500,\"caption\":\"Camping Vallespir\"},\"image\":{\"@id\":\"https:\/\/www.campingvallespir.com\/nl\/#\/schema\/logo\/image\/\"}}]}<\/script>\n<!-- \/ Yoast SEO plugin. -->","yoast_head_json":{"title":"Camping aan de rivier Arles-sur-Tech | Vissen Pyr\u00e9n\u00e9es-Orientales","robots":{"index":"index","follow":"follow","max-snippet":"max-snippet:-1","max-image-preview":"max-image-preview:large","max-video-preview":"max-video-preview:-1"},"canonical":"https:\/\/www.campingvallespir.com\/nl\/kampeerterrein-riverside-arles-sur-tech\/","og_locale":"nl_NL","og_type":"article","og_title":"Camping aan de rivier Arles-sur-Tech | Vissen Pyr\u00e9n\u00e9es-Orientales","og_description":"Camping aan de rivier in Arles-sur-Tech","og_url":"https:\/\/www.campingvallespir.com\/nl\/kampeerterrein-riverside-arles-sur-tech\/","og_site_name":"Camping Vallespir","article_modified_time":"2022-01-17T13:04:16+00:00","og_image":[{"width":1900,"height":700,"url":"https:\/\/www.campingvallespir.com\/wp-content\/uploads\/2021\/12\/camping-riviere-pyrenees-orientales.jpg","type":"image\/jpeg"}],"twitter_card":"summary_large_image","twitter_misc":{"Geschatte leestijd":"4 minuten"},"schema":{"@context":"https:\/\/schema.org","@graph":[{"@type":"WebPage","@id":"https:\/\/www.campingvallespir.com\/nl\/kampeerterrein-riverside-arles-sur-tech\/","url":"https:\/\/www.campingvallespir.com\/nl\/kampeerterrein-riverside-arles-sur-tech\/","name":"Camping aan de rivier Arles-sur-Tech | Vissen Pyr\u00e9n\u00e9es-Orientales","isPartOf":{"@id":"https:\/\/www.campingvallespir.com\/nl\/#website"},"primaryImageOfPage":{"@id":"https:\/\/www.campingvallespir.com\/nl\/kampeerterrein-riverside-arles-sur-tech\/#primaryimage"},"image":{"@id":"https:\/\/www.campingvallespir.com\/nl\/kampeerterrein-riverside-arles-sur-tech\/#primaryimage"},"thumbnailUrl":"https:\/\/www.campingvallespir.com\/wp-content\/uploads\/2021\/12\/camping-riviere-pyrenees-orientales.jpg","datePublished":"2021-11-18T06:13:09+00:00","dateModified":"2022-01-17T13:04:16+00:00","breadcrumb":{"@id":"https:\/\/www.campingvallespir.com\/nl\/kampeerterrein-riverside-arles-sur-tech\/#breadcrumb"},"inLanguage":"nl-NL","potentialAction":[{"@type":"ReadAction","target":["https:\/\/www.campingvallespir.com\/nl\/kampeerterrein-riverside-arles-sur-tech\/"]}]},{"@type":"ImageObject","inLanguage":"nl-NL","@id":"https:\/\/www.campingvallespir.com\/nl\/kampeerterrein-riverside-arles-sur-tech\/#primaryimage","url":"https:\/\/www.campingvallespir.com\/wp-content\/uploads\/2021\/12\/camping-riviere-pyrenees-orientales.jpg","contentUrl":"https:\/\/www.campingvallespir.com\/wp-content\/uploads\/2021\/12\/camping-riviere-pyrenees-orientales.jpg","width":1900,"height":700,"caption":"camping-riviere-pyrenees-orientales"},{"@type":"BreadcrumbList","@id":"https:\/\/www.campingvallespir.com\/nl\/kampeerterrein-riverside-arles-sur-tech\/#breadcrumb","itemListElement":[{"@type":"ListItem","position":1,"name":"Camping Am\u00e9lie les Bains","item":"https:\/\/www.campingvallespir.com\/nl\/"},{"@type":"ListItem","position":2,"name":"Vissen in de Pyr\u00e9n\u00e9es-Orientales"}]},{"@type":"WebSite","@id":"https:\/\/www.campingvallespir.com\/nl\/#website","url":"https:\/\/www.campingvallespir.com\/nl\/","name":"Camping Vallespir","description":"","publisher":{"@id":"https:\/\/www.campingvallespir.com\/nl\/#organization"},"potentialAction":[{"@type":"SearchAction","target":{"@type":"EntryPoint","urlTemplate":"https:\/\/www.campingvallespir.com\/nl\/?s={search_term_string}"},"query-input":{"@type":"PropertyValueSpecification","valueRequired":true,"valueName":"search_term_string"}}],"inLanguage":"nl-NL"},{"@type":"Organization","@id":"https:\/\/www.campingvallespir.com\/nl\/#organization","name":"Camping Vallespir","url":"https:\/\/www.campingvallespir.com\/nl\/","logo":{"@type":"ImageObject","inLanguage":"nl-NL","@id":"https:\/\/www.campingvallespir.com\/nl\/#\/schema\/logo\/image\/","url":"https:\/\/www.campingvallespir.com\/wp-content\/uploads\/2021\/11\/camping-vallespir-logo.png","contentUrl":"https:\/\/www.campingvallespir.com\/wp-content\/uploads\/2021\/11\/camping-vallespir-logo.png","width":680,"height":500,"caption":"Camping Vallespir"},"image":{"@id":"https:\/\/www.campingvallespir.com\/nl\/#\/schema\/logo\/image\/"}}]}},"_links":{"self":[{"href":"https:\/\/www.campingvallespir.com\/nl\/wp-json\/wp\/v2\/pages\/2803"}],"collection":[{"href":"https:\/\/www.campingvallespir.com\/nl\/wp-json\/wp\/v2\/pages"}],"about":[{"href":"https:\/\/www.campingvallespir.com\/nl\/wp-json\/wp\/v2\/types\/page"}],"author":[{"embeddable":true,"href":"https:\/\/www.campingvallespir.com\/nl\/wp-json\/wp\/v2\/users\/1"}],"replies":[{"embeddable":true,"href":"https:\/\/www.campingvallespir.com\/nl\/wp-json\/wp\/v2\/comments?post=2803"}],"version-history":[{"count":10,"href":"https:\/\/www.campingvallespir.com\/nl\/wp-json\/wp\/v2\/pages\/2803\/revisions"}],"predecessor-version":[{"id":3145,"href":"https:\/\/www.campingvallespir.com\/nl\/wp-json\/wp\/v2\/pages\/2803\/revisions\/3145"}],"wp:featuredmedia":[{"embeddable":true,"href":"https:\/\/www.campingvallespir.com\/nl\/wp-json\/wp\/v2\/media\/2083"}],"wp:attachment":[{"href":"https:\/\/www.campingvallespir.com\/nl\/wp-json\/wp\/v2\/media?parent=2803"}],"wp:term":[{"taxonomy":"sujet","embeddable":true,"href":"https:\/\/www.campingvallespir.com\/nl\/wp-json\/wp\/v2\/sujet?post=2803"}],"curies":[{"name":"wp","href":"https:\/\/api.w.org\/{rel}","templated":true}]}}