{"id":2744,"date":"2021-11-18T07:25:19","date_gmt":"2021-11-18T06:25:19","guid":{"rendered":"http:\/\/www.campingvallespir.com\/mentions-legales\/"},"modified":"2022-10-12T10:32:57","modified_gmt":"2022-10-12T08:32:57","slug":"notas-legales","status":"publish","type":"page","link":"https:\/\/www.campingvallespir.com\/es\/notas-legales\/","title":{"rendered":"Mentions l\u00e9gales"},"content":{"rendered":"<section id=\"ls-section-block_614c4c40bd6c9\" class=\"ls-section \" >\n        <div class=\"container container--wide\">\n        \n\n<h1 class=\"ls__heading has-text-align-center ls__heading-undefined has-color-1-color has-text-color has-large-font-size wp-block-heading\">NOTAS LEGALES<\/h1>\n\n\n\n<h2 class=\"ls__heading ls__heading-undefined has-color-1-color has-text-color wp-block-heading\">Editor del sitio web<\/h2>\n\n\n\n<p class=\"ls-paragraph ls__paragraph\">SARL LAGRANGE<br>Avenue Alzine Rodone<br>66 150 Arles-sur-Tech<\/p>\n\n\n\n<p class=\"ls-paragraph ls__paragraph\">Tel. : 04 68 39 90 00<\/p>\n\n\n\n<p class=\"ls-paragraph ls__paragraph\">Director General : MME Jackie LAGRANGE<\/p>\n\n\n\n<p class=\"ls-paragraph ls__paragraph\">Capital social : 10 000 \u20ac<\/p>\n\n\n\n<p class=\"ls-paragraph ls__paragraph\">R.C.S Perpignan B 813&nbsp;761&nbsp;681<\/p>\n\n\n\n<p class=\"ls-paragraph ls__paragraph\">IVA intracomunitario: FR 16813761681<\/p>\n\n\n\n<p class=\"ls-paragraph ls__paragraph\">Siret :  813761681<\/p>\n\n\n\n<h2 class=\"ls__heading ls__heading-undefined has-color-1-color has-text-color wp-block-heading\">Realizaci\u00f3n<\/h2>\n\n\n\n<p class=\"ls-paragraph ls__paragraph\">Geek Tonic<br>Representado por el Sr. Yohan Darmayan en su calidad de gerente<br>Sede central : 1 ALL PIERRE GEORGES LATECOERE 64200 BIARRITZ<br>Tel. : 05 32 74 11 52<br>E-mail : info@geek-tonic.com<br>Sitio web : www.geek-tonic.com<br>SIRET : 89746755100015<br>APE : 6201Z<\/p>\n\n\n\n<h2 class=\"ls__heading ls__heading-undefined has-color-1-color has-text-color wp-block-heading\">Derechos de autor y autor\u00eda<\/h2>\n\n\n\n<p class=\"ls-paragraph ls__paragraph\">Todo el contenido de este sitio est\u00e1 sujeto a los derechos de autor y a la propiedad intelectual de la legislaci\u00f3n francesa. Queda prohibida cualquier reproducci\u00f3n (incluidas las fotos, los iconos y los documentos descargables) sin el consentimiento previo de GEEK TONIC. Queda prohibida la reproducci\u00f3n en un soporte electr\u00f3nico de la totalidad o parte del sitio en papel o en formato electr\u00f3nico. GEEK TONIC declina toda responsabilidad por el contenido del sitio web. GEEK TONIC tambi\u00e9n rechaza cualquier responsabilidad por los enlaces externos a este sitio.<\/p>\n\n\n\n<h2 class=\"ls__heading ls__heading-undefined has-color-1-color has-text-color wp-block-heading\">Datos personales e informaci\u00f3n nominativa<\/h2>\n\n\n\n<p class=\"ls-paragraph ls__paragraph\">Usted dispone de un derecho de acceso, modificaci\u00f3n, rectificaci\u00f3n y supresi\u00f3n de los datos que le conciernen, de conformidad con el art\u00edculo 34 de la ley francesa de protecci\u00f3n de datos (Loi \u00bb Informatique et Libert\u00e9s \u00bb n\u00b0 78-17 de 6 de enero de 1978, modificada el 6 de agosto de 2004). Para ejercer este derecho de acceso, puede presentar una solicitud por escrito al editor del sitio.<\/p>\n\n\n\n<h2 class=\"ls__heading ls__heading-undefined has-color-1-color has-text-color wp-block-heading\">Legislaci\u00f3n<\/h2>\n\n\n\n<p class=\"ls-paragraph ls__paragraph\">Seg\u00fan la ley del 11 de marzo de 1957 (art. 41) y el c\u00f3digo de la propiedad intelectual del 1 de julio de 1992, est\u00e1 prohibida la reproducci\u00f3n total o parcial del sitio sin autorizaci\u00f3n previa del editor del mismo. Los logotipos, elementos visuales, fotos, v\u00eddeos, cuadros gr\u00e1ficos y textos son propiedad de sus respectivos due\u00f1os. Este sitio puede, sin su conocimiento, haber sido vinculado a otros sitios por medio de enlaces hipermedia. El editor del sitio declina toda responsabilidad por la informaci\u00f3n presentada en estos otros sitios. El internauta reconoce que la utilizaci\u00f3n de este sitio se rige por el derecho franc\u00e9s.<\/p>\n\n\n    <\/div>\n<\/section>","protected":false},"excerpt":{"rendered":"","protected":false},"author":1,"featured_media":0,"parent":0,"menu_order":0,"comment_status":"closed","ping_status":"closed","template":"","meta":{"_acf_changed":false,"footnotes":""},"sujet":[],"class_list":["post-2744","page","type-page","status-publish","hentry"],"acf":[],"yoast_head":"<!-- This site is optimized with the Yoast SEO plugin v23.4 - https:\/\/yoast.com\/wordpress\/plugins\/seo\/ -->\n<title>Notas legales - Camping Vallespir<\/title>\n<meta name=\"robots\" content=\"noindex, nofollow\" \/>\n<meta property=\"og:locale\" content=\"es_ES\" \/>\n<meta property=\"og:type\" content=\"article\" \/>\n<meta property=\"og:title\" content=\"Notas legales - Camping Vallespir\" \/>\n<meta property=\"og:url\" content=\"https:\/\/www.campingvallespir.com\/es\/notas-legales\/\" \/>\n<meta property=\"og:site_name\" content=\"Camping Vallespir\" \/>\n<meta property=\"article:modified_time\" content=\"2022-10-12T08:32:57+00:00\" \/>\n<meta name=\"twitter:card\" content=\"summary_large_image\" \/>\n<meta name=\"twitter:label1\" content=\"Tiempo de lectura\" \/>\n\t<meta name=\"twitter:data1\" content=\"2 minutos\" \/>\n<script type=\"application\/ld+json\" class=\"yoast-schema-graph\">{\"@context\":\"https:\/\/schema.org\",\"@graph\":[{\"@type\":\"WebPage\",\"@id\":\"https:\/\/www.campingvallespir.com\/es\/notas-legales\/\",\"url\":\"https:\/\/www.campingvallespir.com\/es\/notas-legales\/\",\"name\":\"Notas legales - Camping Vallespir\",\"isPartOf\":{\"@id\":\"https:\/\/www.campingvallespir.com\/es\/#website\"},\"datePublished\":\"2021-11-18T06:25:19+00:00\",\"dateModified\":\"2022-10-12T08:32:57+00:00\",\"breadcrumb\":{\"@id\":\"https:\/\/www.campingvallespir.com\/es\/notas-legales\/#breadcrumb\"},\"inLanguage\":\"es\",\"potentialAction\":[{\"@type\":\"ReadAction\",\"target\":[\"https:\/\/www.campingvallespir.com\/es\/notas-legales\/\"]}]},{\"@type\":\"BreadcrumbList\",\"@id\":\"https:\/\/www.campingvallespir.com\/es\/notas-legales\/#breadcrumb\",\"itemListElement\":[{\"@type\":\"ListItem\",\"position\":1,\"name\":\"Camping Am\u00e9lie les Bains\",\"item\":\"https:\/\/www.campingvallespir.com\/es\/\"},{\"@type\":\"ListItem\",\"position\":2,\"name\":\"Notas legales\"}]},{\"@type\":\"WebSite\",\"@id\":\"https:\/\/www.campingvallespir.com\/es\/#website\",\"url\":\"https:\/\/www.campingvallespir.com\/es\/\",\"name\":\"Camping Vallespir\",\"description\":\"\",\"publisher\":{\"@id\":\"https:\/\/www.campingvallespir.com\/es\/#organization\"},\"potentialAction\":[{\"@type\":\"SearchAction\",\"target\":{\"@type\":\"EntryPoint\",\"urlTemplate\":\"https:\/\/www.campingvallespir.com\/es\/?s={search_term_string}\"},\"query-input\":{\"@type\":\"PropertyValueSpecification\",\"valueRequired\":true,\"valueName\":\"search_term_string\"}}],\"inLanguage\":\"es\"},{\"@type\":\"Organization\",\"@id\":\"https:\/\/www.campingvallespir.com\/es\/#organization\",\"name\":\"Camping Vallespir\",\"url\":\"https:\/\/www.campingvallespir.com\/es\/\",\"logo\":{\"@type\":\"ImageObject\",\"inLanguage\":\"es\",\"@id\":\"https:\/\/www.campingvallespir.com\/es\/#\/schema\/logo\/image\/\",\"url\":\"https:\/\/www.campingvallespir.com\/wp-content\/uploads\/2021\/11\/camping-vallespir-logo.png\",\"contentUrl\":\"https:\/\/www.campingvallespir.com\/wp-content\/uploads\/2021\/11\/camping-vallespir-logo.png\",\"width\":680,\"height\":500,\"caption\":\"Camping Vallespir\"},\"image\":{\"@id\":\"https:\/\/www.campingvallespir.com\/es\/#\/schema\/logo\/image\/\"}}]}<\/script>\n<!-- \/ Yoast SEO plugin. -->","yoast_head_json":{"title":"Notas legales - Camping Vallespir","robots":{"index":"noindex","follow":"nofollow"},"og_locale":"es_ES","og_type":"article","og_title":"Notas legales - Camping Vallespir","og_url":"https:\/\/www.campingvallespir.com\/es\/notas-legales\/","og_site_name":"Camping Vallespir","article_modified_time":"2022-10-12T08:32:57+00:00","twitter_card":"summary_large_image","twitter_misc":{"Tiempo de lectura":"2 minutos"},"schema":{"@context":"https:\/\/schema.org","@graph":[{"@type":"WebPage","@id":"https:\/\/www.campingvallespir.com\/es\/notas-legales\/","url":"https:\/\/www.campingvallespir.com\/es\/notas-legales\/","name":"Notas legales - Camping Vallespir","isPartOf":{"@id":"https:\/\/www.campingvallespir.com\/es\/#website"},"datePublished":"2021-11-18T06:25:19+00:00","dateModified":"2022-10-12T08:32:57+00:00","breadcrumb":{"@id":"https:\/\/www.campingvallespir.com\/es\/notas-legales\/#breadcrumb"},"inLanguage":"es","potentialAction":[{"@type":"ReadAction","target":["https:\/\/www.campingvallespir.com\/es\/notas-legales\/"]}]},{"@type":"BreadcrumbList","@id":"https:\/\/www.campingvallespir.com\/es\/notas-legales\/#breadcrumb","itemListElement":[{"@type":"ListItem","position":1,"name":"Camping Am\u00e9lie les Bains","item":"https:\/\/www.campingvallespir.com\/es\/"},{"@type":"ListItem","position":2,"name":"Notas legales"}]},{"@type":"WebSite","@id":"https:\/\/www.campingvallespir.com\/es\/#website","url":"https:\/\/www.campingvallespir.com\/es\/","name":"Camping Vallespir","description":"","publisher":{"@id":"https:\/\/www.campingvallespir.com\/es\/#organization"},"potentialAction":[{"@type":"SearchAction","target":{"@type":"EntryPoint","urlTemplate":"https:\/\/www.campingvallespir.com\/es\/?s={search_term_string}"},"query-input":{"@type":"PropertyValueSpecification","valueRequired":true,"valueName":"search_term_string"}}],"inLanguage":"es"},{"@type":"Organization","@id":"https:\/\/www.campingvallespir.com\/es\/#organization","name":"Camping Vallespir","url":"https:\/\/www.campingvallespir.com\/es\/","logo":{"@type":"ImageObject","inLanguage":"es","@id":"https:\/\/www.campingvallespir.com\/es\/#\/schema\/logo\/image\/","url":"https:\/\/www.campingvallespir.com\/wp-content\/uploads\/2021\/11\/camping-vallespir-logo.png","contentUrl":"https:\/\/www.campingvallespir.com\/wp-content\/uploads\/2021\/11\/camping-vallespir-logo.png","width":680,"height":500,"caption":"Camping Vallespir"},"image":{"@id":"https:\/\/www.campingvallespir.com\/es\/#\/schema\/logo\/image\/"}}]}},"_links":{"self":[{"href":"https:\/\/www.campingvallespir.com\/es\/wp-json\/wp\/v2\/pages\/2744"}],"collection":[{"href":"https:\/\/www.campingvallespir.com\/es\/wp-json\/wp\/v2\/pages"}],"about":[{"href":"https:\/\/www.campingvallespir.com\/es\/wp-json\/wp\/v2\/types\/page"}],"author":[{"embeddable":true,"href":"https:\/\/www.campingvallespir.com\/es\/wp-json\/wp\/v2\/users\/1"}],"replies":[{"embeddable":true,"href":"https:\/\/www.campingvallespir.com\/es\/wp-json\/wp\/v2\/comments?post=2744"}],"version-history":[{"count":4,"href":"https:\/\/www.campingvallespir.com\/es\/wp-json\/wp\/v2\/pages\/2744\/revisions"}],"predecessor-version":[{"id":5619,"href":"https:\/\/www.campingvallespir.com\/es\/wp-json\/wp\/v2\/pages\/2744\/revisions\/5619"}],"wp:attachment":[{"href":"https:\/\/www.campingvallespir.com\/es\/wp-json\/wp\/v2\/media?parent=2744"}],"wp:term":[{"taxonomy":"sujet","embeddable":true,"href":"https:\/\/www.campingvallespir.com\/es\/wp-json\/wp\/v2\/sujet?post=2744"}],"curies":[{"name":"wp","href":"https:\/\/api.w.org\/{rel}","templated":true}]}}