{"id":2688,"date":"2021-11-18T07:16:18","date_gmt":"2021-11-18T06:16:18","guid":{"rendered":"https:\/\/www.campingvallespir.com\/contact-acces\/"},"modified":"2022-01-06T09:40:46","modified_gmt":"2022-01-06T08:40:46","slug":"acceso-contacto","status":"publish","type":"page","link":"https:\/\/www.campingvallespir.com\/es\/acceso-contacto\/","title":{"rendered":"Infos &#038; Contacts"},"content":{"rendered":"\n<h1 class=\"ls__heading has-text-align-center m-t-10 m-b-0 ursula has-color-1-color has-text-color wp-block-heading\">Contacto y acceso<\/h1>\n\n\n<section id=\"ls-section-block_61c192e3080a9\" class=\"ls-section \" >\n        <div class=\"container container--wide\">\n        \n\n<div class=\"wp-block-columns is-layout-flex wp-container-core-columns-is-layout-1 wp-block-columns-is-layout-flex\">\n<div class=\"wp-block-column is-layout-flow wp-block-column-is-layout-flow\">\n<h2 class=\"ls__heading has-color-1-color has-text-color wp-block-heading\">Contactar con el camping<\/h2>\n\n\n\n<p class=\"ls-paragraph\">Todo el equipo de Arles-sur-Tech est\u00e1 a su disposici\u00f3n para cualquier informaci\u00f3n adicional. Puede ponerse en contacto con nosotros a trav\u00e9s del formulario de contacto, por correo electr\u00f3nico info@campingvallespir.com o directamente por tel\u00e9fono en el +33 (0)4 68 39 90 00.<\/p>\n<\/div>\n\n\n\n<div class=\"wp-block-column is-layout-flow wp-block-column-is-layout-flow\">\n<div class=\"wpcf7 no-js\" id=\"wpcf7-f2690-o1\" lang=\"fr-FR\" dir=\"ltr\">\n<div class=\"screen-reader-response\"><p role=\"status\" aria-live=\"polite\" aria-atomic=\"true\"><\/p> <ul><\/ul><\/div>\n<form action=\"\/es\/wp-json\/wp\/v2\/pages\/2688#wpcf7-f2690-o1\" method=\"post\" class=\"wpcf7-form init\" aria-label=\"Formulaire de contact\" novalidate=\"novalidate\" data-status=\"init\">\n<div style=\"display: none;\">\n<input type=\"hidden\" name=\"_wpcf7\" value=\"2690\" \/>\n<input type=\"hidden\" name=\"_wpcf7_version\" value=\"5.9.8\" \/>\n<input type=\"hidden\" name=\"_wpcf7_locale\" value=\"fr_FR\" \/>\n<input type=\"hidden\" name=\"_wpcf7_unit_tag\" value=\"wpcf7-f2690-o1\" \/>\n<input type=\"hidden\" name=\"_wpcf7_container_post\" value=\"0\" \/>\n<input type=\"hidden\" name=\"_wpcf7_posted_data_hash\" value=\"\" \/>\n<input type=\"hidden\" name=\"_wpcf7_recaptcha_response\" value=\"\" \/>\n<\/div>\n<p><label> Nombre<br \/>\n<span class=\"wpcf7-form-control-wrap\" data-name=\"your-name\"><input size=\"40\" maxlength=\"400\" class=\"wpcf7-form-control wpcf7-text wpcf7-validates-as-required\" aria-required=\"true\" aria-invalid=\"false\" value=\"\" type=\"text\" name=\"your-name\" \/><\/span> <\/label>\n<\/p>\n<p><label> Email<br \/>\n<span class=\"wpcf7-form-control-wrap\" data-name=\"your-email\"><input size=\"40\" maxlength=\"400\" class=\"wpcf7-form-control wpcf7-email wpcf7-validates-as-required wpcf7-text wpcf7-validates-as-email\" aria-required=\"true\" aria-invalid=\"false\" value=\"\" type=\"email\" name=\"your-email\" \/><\/span> <\/label>\n<\/p>\n<p><label> Objeto<br \/>\n<span class=\"wpcf7-form-control-wrap\" data-name=\"your-subject\"><input size=\"40\" maxlength=\"400\" class=\"wpcf7-form-control wpcf7-text wpcf7-validates-as-required\" aria-required=\"true\" aria-invalid=\"false\" value=\"\" type=\"text\" name=\"your-subject\" \/><\/span> <\/label>\n<\/p>\n<p><label> Su mensaje<br \/>\n<span class=\"wpcf7-form-control-wrap\" data-name=\"your-message\"><textarea cols=\"40\" rows=\"10\" maxlength=\"2000\" class=\"wpcf7-form-control wpcf7-textarea\" aria-invalid=\"false\" name=\"your-message\"><\/textarea><\/span> <\/label><br \/>\n<span class=\"wpcf7-form-control-wrap\" data-name=\"acceptance-777\"><span class=\"wpcf7-form-control wpcf7-acceptance\"><span class=\"wpcf7-list-item\"><label><input type=\"checkbox\" name=\"acceptance-777\" value=\"1\" aria-invalid=\"false\" \/><span class=\"wpcf7-list-item-label\">Al marcar esta casilla, acepto la <a href=\"\/es\/politica-de-privacidad\/\" rel=\"noopener\" target=\"_blank\">Pol\u00edtica de privacidad<\/a> de este sitio.<\/span><\/label><\/span><\/span><\/span><br \/>\n<span class=\"wpcf7-form-control-wrap recaptcha\" data-name=\"recaptcha\"><span data-sitekey=\"6LcTkBoeAAAAAK9BU3m_t4uHRXGVjAkD11Zw3ytS\" class=\"wpcf7-form-control wpcf7-recaptcha g-recaptcha\"><\/span>\r\n<noscript>\r\n\t<div class=\"grecaptcha-noscript\">\r\n\t\t<iframe src=\"https:\/\/www.google.com\/recaptcha\/api\/fallback?k=6LcTkBoeAAAAAK9BU3m_t4uHRXGVjAkD11Zw3ytS\" frameborder=\"0\" scrolling=\"no\" width=\"310\" height=\"430\">\r\n\t\t<\/iframe>\r\n\t\t<textarea name=\"g-recaptcha-response\" rows=\"3\" cols=\"40\" placeholder=\"reCaptcha Response Here\">\r\n\t\t<\/textarea>\r\n\t<\/div>\r\n<\/noscript>\r\n<\/span><br \/>\n<input class=\"wpcf7-form-control wpcf7-submit has-spinner\" type=\"submit\" value=\"Enviar\" \/>\n<\/p><div class=\"wpcf7-response-output\" aria-hidden=\"true\"><\/div>\n<\/form>\n<\/div>\n\n<\/div>\n<\/div>\n\n\n    <\/div>\n<\/section>\n\n<section id=\"ls-section-block_61c19401080aa\" class=\"ls-section  has-p-t p-t-0 has-p-b p-b-0\" >\n        <div class=\"container container--wide\">\n        \n\n<div class=\"wp-block-columns is-layout-flex wp-container-core-columns-is-layout-2 wp-block-columns-is-layout-flex\">\n<div class=\"wp-block-column is-layout-flow wp-block-column-is-layout-flow\"><p><iframe src=\"https:\/\/www.google.com\/maps\/embed?pb=!1m18!1m12!1m3!1d2943.1630029965745!2d2.6492240154596662!3d42.46682177917985!2m3!1f0!2f0!3f0!3m2!1i1024!2i768!4f13.1!3m3!1m2!1s0x12baa65b0a6519b1%3A0xe3df150c3891e052!2sCamping%20Paradis%20Le%20Vallespir!5e0!3m2!1sfr!2sfr!4v1640076157667!5m2!1sfr!2sfr\" width=\"100%\" height=\"450\" style=\"border:0;\" allowfullscreen=\"\" loading=\"lazy\"><\/iframe><\/p>\n<\/div>\n\n\n\n<div class=\"wp-block-column is-layout-flow wp-block-column-is-layout-flow\">\n<h2 class=\"ls__heading has-color-1-color has-text-color wp-block-heading\">Acceso al camping<\/h2>\n\n\n\n<p class=\"ls-paragraph\">Direcci\u00f3n:\u00a0<\/p>\n\n\n\n<p class=\"ls-paragraph\">Avenue Alzine Rodone, 66150 Arles-sur-Tech<\/p>\n\n\n\n<p class=\"ls-paragraph\">Geolocalizaci\u00f3n : 42.467039422696736, 2.6517238341664178<\/p>\n<\/div>\n<\/div>\n\n\n    <\/div>\n<\/section>","protected":false},"excerpt":{"rendered":"<p>Contacto y acceso<\/p>\n","protected":false},"author":1,"featured_media":0,"parent":0,"menu_order":0,"comment_status":"closed","ping_status":"closed","template":"","meta":{"_acf_changed":false,"footnotes":""},"sujet":[],"class_list":["post-2688","page","type-page","status-publish","hentry"],"acf":[],"yoast_head":"<!-- This site is optimized with the Yoast SEO plugin v23.4 - https:\/\/yoast.com\/wordpress\/plugins\/seo\/ -->\n<title>Venir al camping | Contactar con el camping | Contacto, acceso<\/title>\n<meta name=\"robots\" content=\"index, follow, max-snippet:-1, max-image-preview:large, max-video-preview:-1\" \/>\n<link rel=\"canonical\" href=\"https:\/\/www.campingvallespir.com\/es\/acceso-contacto\/\" \/>\n<meta property=\"og:locale\" content=\"es_ES\" \/>\n<meta property=\"og:type\" content=\"article\" \/>\n<meta property=\"og:title\" content=\"Venir al camping | Contactar con el camping | Contacto, acceso\" \/>\n<meta property=\"og:description\" content=\"Contacto y acceso\" \/>\n<meta property=\"og:url\" content=\"https:\/\/www.campingvallespir.com\/es\/acceso-contacto\/\" \/>\n<meta property=\"og:site_name\" content=\"Camping Vallespir\" \/>\n<meta property=\"article:modified_time\" content=\"2022-01-06T08:40:46+00:00\" \/>\n<meta name=\"twitter:card\" content=\"summary_large_image\" \/>\n<meta name=\"twitter:label1\" content=\"Tiempo de lectura\" \/>\n\t<meta name=\"twitter:data1\" content=\"1 minuto\" \/>\n<script type=\"application\/ld+json\" class=\"yoast-schema-graph\">{\"@context\":\"https:\/\/schema.org\",\"@graph\":[{\"@type\":\"WebPage\",\"@id\":\"https:\/\/www.campingvallespir.com\/es\/acceso-contacto\/\",\"url\":\"https:\/\/www.campingvallespir.com\/es\/acceso-contacto\/\",\"name\":\"Venir al camping | Contactar con el camping | Contacto, acceso\",\"isPartOf\":{\"@id\":\"https:\/\/www.campingvallespir.com\/es\/#website\"},\"datePublished\":\"2021-11-18T06:16:18+00:00\",\"dateModified\":\"2022-01-06T08:40:46+00:00\",\"breadcrumb\":{\"@id\":\"https:\/\/www.campingvallespir.com\/es\/acceso-contacto\/#breadcrumb\"},\"inLanguage\":\"es\",\"potentialAction\":[{\"@type\":\"ReadAction\",\"target\":[\"https:\/\/www.campingvallespir.com\/es\/acceso-contacto\/\"]}]},{\"@type\":\"BreadcrumbList\",\"@id\":\"https:\/\/www.campingvallespir.com\/es\/acceso-contacto\/#breadcrumb\",\"itemListElement\":[{\"@type\":\"ListItem\",\"position\":1,\"name\":\"Camping Am\u00e9lie les Bains\",\"item\":\"https:\/\/www.campingvallespir.com\/es\/\"},{\"@type\":\"ListItem\",\"position\":2,\"name\":\"Contactar con el camping\"}]},{\"@type\":\"WebSite\",\"@id\":\"https:\/\/www.campingvallespir.com\/es\/#website\",\"url\":\"https:\/\/www.campingvallespir.com\/es\/\",\"name\":\"Camping Vallespir\",\"description\":\"\",\"publisher\":{\"@id\":\"https:\/\/www.campingvallespir.com\/es\/#organization\"},\"potentialAction\":[{\"@type\":\"SearchAction\",\"target\":{\"@type\":\"EntryPoint\",\"urlTemplate\":\"https:\/\/www.campingvallespir.com\/es\/?s={search_term_string}\"},\"query-input\":{\"@type\":\"PropertyValueSpecification\",\"valueRequired\":true,\"valueName\":\"search_term_string\"}}],\"inLanguage\":\"es\"},{\"@type\":\"Organization\",\"@id\":\"https:\/\/www.campingvallespir.com\/es\/#organization\",\"name\":\"Camping Vallespir\",\"url\":\"https:\/\/www.campingvallespir.com\/es\/\",\"logo\":{\"@type\":\"ImageObject\",\"inLanguage\":\"es\",\"@id\":\"https:\/\/www.campingvallespir.com\/es\/#\/schema\/logo\/image\/\",\"url\":\"https:\/\/www.campingvallespir.com\/wp-content\/uploads\/2021\/11\/camping-vallespir-logo.png\",\"contentUrl\":\"https:\/\/www.campingvallespir.com\/wp-content\/uploads\/2021\/11\/camping-vallespir-logo.png\",\"width\":680,\"height\":500,\"caption\":\"Camping Vallespir\"},\"image\":{\"@id\":\"https:\/\/www.campingvallespir.com\/es\/#\/schema\/logo\/image\/\"}}]}<\/script>\n<!-- \/ Yoast SEO plugin. -->","yoast_head_json":{"title":"Venir al camping | Contactar con el camping | Contacto, acceso","robots":{"index":"index","follow":"follow","max-snippet":"max-snippet:-1","max-image-preview":"max-image-preview:large","max-video-preview":"max-video-preview:-1"},"canonical":"https:\/\/www.campingvallespir.com\/es\/acceso-contacto\/","og_locale":"es_ES","og_type":"article","og_title":"Venir al camping | Contactar con el camping | Contacto, acceso","og_description":"Contacto y acceso","og_url":"https:\/\/www.campingvallespir.com\/es\/acceso-contacto\/","og_site_name":"Camping Vallespir","article_modified_time":"2022-01-06T08:40:46+00:00","twitter_card":"summary_large_image","twitter_misc":{"Tiempo de lectura":"1 minuto"},"schema":{"@context":"https:\/\/schema.org","@graph":[{"@type":"WebPage","@id":"https:\/\/www.campingvallespir.com\/es\/acceso-contacto\/","url":"https:\/\/www.campingvallespir.com\/es\/acceso-contacto\/","name":"Venir al camping | Contactar con el camping | Contacto, acceso","isPartOf":{"@id":"https:\/\/www.campingvallespir.com\/es\/#website"},"datePublished":"2021-11-18T06:16:18+00:00","dateModified":"2022-01-06T08:40:46+00:00","breadcrumb":{"@id":"https:\/\/www.campingvallespir.com\/es\/acceso-contacto\/#breadcrumb"},"inLanguage":"es","potentialAction":[{"@type":"ReadAction","target":["https:\/\/www.campingvallespir.com\/es\/acceso-contacto\/"]}]},{"@type":"BreadcrumbList","@id":"https:\/\/www.campingvallespir.com\/es\/acceso-contacto\/#breadcrumb","itemListElement":[{"@type":"ListItem","position":1,"name":"Camping Am\u00e9lie les Bains","item":"https:\/\/www.campingvallespir.com\/es\/"},{"@type":"ListItem","position":2,"name":"Contactar con el camping"}]},{"@type":"WebSite","@id":"https:\/\/www.campingvallespir.com\/es\/#website","url":"https:\/\/www.campingvallespir.com\/es\/","name":"Camping Vallespir","description":"","publisher":{"@id":"https:\/\/www.campingvallespir.com\/es\/#organization"},"potentialAction":[{"@type":"SearchAction","target":{"@type":"EntryPoint","urlTemplate":"https:\/\/www.campingvallespir.com\/es\/?s={search_term_string}"},"query-input":{"@type":"PropertyValueSpecification","valueRequired":true,"valueName":"search_term_string"}}],"inLanguage":"es"},{"@type":"Organization","@id":"https:\/\/www.campingvallespir.com\/es\/#organization","name":"Camping Vallespir","url":"https:\/\/www.campingvallespir.com\/es\/","logo":{"@type":"ImageObject","inLanguage":"es","@id":"https:\/\/www.campingvallespir.com\/es\/#\/schema\/logo\/image\/","url":"https:\/\/www.campingvallespir.com\/wp-content\/uploads\/2021\/11\/camping-vallespir-logo.png","contentUrl":"https:\/\/www.campingvallespir.com\/wp-content\/uploads\/2021\/11\/camping-vallespir-logo.png","width":680,"height":500,"caption":"Camping Vallespir"},"image":{"@id":"https:\/\/www.campingvallespir.com\/es\/#\/schema\/logo\/image\/"}}]}},"_links":{"self":[{"href":"https:\/\/www.campingvallespir.com\/es\/wp-json\/wp\/v2\/pages\/2688"}],"collection":[{"href":"https:\/\/www.campingvallespir.com\/es\/wp-json\/wp\/v2\/pages"}],"about":[{"href":"https:\/\/www.campingvallespir.com\/es\/wp-json\/wp\/v2\/types\/page"}],"author":[{"embeddable":true,"href":"https:\/\/www.campingvallespir.com\/es\/wp-json\/wp\/v2\/users\/1"}],"replies":[{"embeddable":true,"href":"https:\/\/www.campingvallespir.com\/es\/wp-json\/wp\/v2\/comments?post=2688"}],"version-history":[{"count":3,"href":"https:\/\/www.campingvallespir.com\/es\/wp-json\/wp\/v2\/pages\/2688\/revisions"}],"predecessor-version":[{"id":2694,"href":"https:\/\/www.campingvallespir.com\/es\/wp-json\/wp\/v2\/pages\/2688\/revisions\/2694"}],"wp:attachment":[{"href":"https:\/\/www.campingvallespir.com\/es\/wp-json\/wp\/v2\/media?parent=2688"}],"wp:term":[{"taxonomy":"sujet","embeddable":true,"href":"https:\/\/www.campingvallespir.com\/es\/wp-json\/wp\/v2\/sujet?post=2688"}],"curies":[{"name":"wp","href":"https:\/\/api.w.org\/{rel}","templated":true}]}}